{"id":1068,"date":"2018-08-09T09:44:37","date_gmt":"2018-08-09T15:44:37","guid":{"rendered":"https:\/\/sites.psych.ualberta.ca\/IClab\/?page_id=1068"},"modified":"2019-10-11T13:18:33","modified_gmt":"2019-10-11T19:18:33","slug":"announcements","status":"publish","type":"page","link":"https:\/\/sites.psych.ualberta.ca\/IClab\/announcements\/","title":{"rendered":"News"},"content":{"rendered":"<div id=\"pl-1068\"  class=\"panel-layout\" ><div id=\"pg-1068-0\"  class=\"panel-grid panel-has-style\" ><div style=\"padding: 100px 0; \" data-overlay=\"true\" class=\"panel-row-style panel-row-style-for-1068-0\" ><div id=\"pgc-1068-0-0\"  class=\"panel-grid-cell\" ><div id=\"panel-1068-0-0-0\" class=\"so-panel widget widget_rpwe_widget rpwe_widget recent-posts-extended panel-first-child panel-last-child\" data-index=\"0\" ><div style=\"text-align: left;\" data-title-color=\"#07889b\" data-headings-color=\"#443f3f\" class=\"panel-widget-style panel-widget-style-for-1068-0-0-0\" ><h3 class=\"widget-title\">Announcements, News, and Events<\/h3><div  class=\"rpwe-block\"><ul class=\"rpwe-ul\"><li class=\"rpwe-li rpwe-clearfix\"><a class=\"rpwe-img\" href=\"https:\/\/sites.psych.ualberta.ca\/IClab\/iclab-at-the-royce-conference\/\" target=\"_self\"><img class=\"rpwe-alignleft rpwe-thumb\" src=\"https:\/\/sites.psych.ualberta.ca\/IClab\/wordpress\/wp-content\/uploads\/2026\/03\/aJ3lNmx__400x400-75x75.jpg\" alt=\"ICLab at the Royce Conference!\" height=\"75\" width=\"75\" loading=\"lazy\" decoding=\"async\"><\/a><h3 class=\"rpwe-title\"><a href=\"https:\/\/sites.psych.ualberta.ca\/IClab\/iclab-at-the-royce-conference\/\" target=\"_self\">ICLab at the Royce Conference!<\/a><\/h3><time class=\"rpwe-time published\" datetime=\"2026-03-23T13:12:25-06:00\">March 23, 2026<\/time><div class=\"rpwe-summary\">On Friday March 20, the ICLab attended the 40th Royce Conference held by the Department of Psychology at the university of Alberta. [&hellip;]<a href=\"https:\/\/sites.psych.ualberta.ca\/IClab\/iclab-at-the-royce-conference\/\" class=\"more-link\">Read More \u00bb<\/a><\/div><\/li><li class=\"rpwe-li rpwe-clearfix\"><a class=\"rpwe-img\" href=\"https:\/\/sites.psych.ualberta.ca\/IClab\/as-part-of-a-fundraising-campaign-ic-lab-independent-studies-student-mercy-valentine-pies-dr-kimberly-noels-at-the-cmha-mental-health-symposium-march-5-2026-it-was-delicious\/\" target=\"_self\"><img class=\"rpwe-alignleft rpwe-thumb\" src=\"https:\/\/sites.psych.ualberta.ca\/IClab\/wordpress\/wp-content\/uploads\/2026\/03\/IMG_2439-75x75.jpg\" alt=\"Canadian Mental Health Association Student Group Symposium 2026\" height=\"75\" width=\"75\" loading=\"lazy\" decoding=\"async\"><\/a><h3 class=\"rpwe-title\"><a href=\"https:\/\/sites.psych.ualberta.ca\/IClab\/as-part-of-a-fundraising-campaign-ic-lab-independent-studies-student-mercy-valentine-pies-dr-kimberly-noels-at-the-cmha-mental-health-symposium-march-5-2026-it-was-delicious\/\" target=\"_self\">Canadian Mental Health Association Student Group Symposium 2026<\/a><\/h3><time class=\"rpwe-time published\" datetime=\"2026-03-06T11:03:52-07:00\">March 6, 2026<\/time><div class=\"rpwe-summary\">As part of a fundraising campaign, IC Lab independent studies student Mercy Valentine pies Dr. Kimberly Noels at the CMHA Mental Health [&hellip;]<a href=\"https:\/\/sites.psych.ualberta.ca\/IClab\/as-part-of-a-fundraising-campaign-ic-lab-independent-studies-student-mercy-valentine-pies-dr-kimberly-noels-at-the-cmha-mental-health-symposium-march-5-2026-it-was-delicious\/\" class=\"more-link\">Read More \u00bb<\/a><\/div><\/li><li class=\"rpwe-li rpwe-clearfix\"><a class=\"rpwe-img\" href=\"https:\/\/sites.psych.ualberta.ca\/IClab\/ican-2026-chinese-new-year-festival-event\/\" target=\"_self\"><img class=\"rpwe-alignleft rpwe-thumb\" src=\"https:\/\/sites.psych.ualberta.ca\/IClab\/wordpress\/wp-content\/uploads\/2026\/02\/ICAN2026_AndyKimJingyi_CLS-scaled-75x75.jpg\" alt=\"ICAN 2026 Chinese New Year Festival Event\" height=\"75\" width=\"75\" loading=\"lazy\" decoding=\"async\"><\/a><h3 class=\"rpwe-title\"><a href=\"https:\/\/sites.psych.ualberta.ca\/IClab\/ican-2026-chinese-new-year-festival-event\/\" target=\"_self\">ICAN 2026 Chinese New Year Festival Event<\/a><\/h3><time class=\"rpwe-time published\" datetime=\"2026-02-05T10:30:47-07:00\">February 5, 2026<\/time><div class=\"rpwe-summary\">This past weekend, Dr. Kimberly Noels and two graduate students (Jingyi Zhang and Andy Han) attended the ICAN 2026 Chinese New Year [&hellip;]<a href=\"https:\/\/sites.psych.ualberta.ca\/IClab\/ican-2026-chinese-new-year-festival-event\/\" class=\"more-link\">Read More \u00bb<\/a><\/div><\/li><li class=\"rpwe-li rpwe-clearfix\"><a class=\"rpwe-img\" href=\"https:\/\/sites.psych.ualberta.ca\/IClab\/intercultural-communication-lab-winter-wonderland-tree\/\" target=\"_self\"><img class=\"rpwe-alignleft rpwe-thumb\" src=\"https:\/\/sites.psych.ualberta.ca\/IClab\/wordpress\/wp-content\/uploads\/2025\/12\/Tree-1-scaled-75x75.jpg\" alt=\"Intercultural Communication Lab Winter Wonderland Tree!\" height=\"75\" width=\"75\" loading=\"lazy\" decoding=\"async\"><\/a><h3 class=\"rpwe-title\"><a href=\"https:\/\/sites.psych.ualberta.ca\/IClab\/intercultural-communication-lab-winter-wonderland-tree\/\" target=\"_self\">Intercultural Communication Lab Winter Wonderland Tree!<\/a><\/h3><time class=\"rpwe-time published\" datetime=\"2025-12-16T12:31:02-07:00\">December 16, 2025<\/time><div class=\"rpwe-summary\">This holiday season, members of the ICLab created a beautiful tree that reflects our diverse group!<a href=\"https:\/\/sites.psych.ualberta.ca\/IClab\/intercultural-communication-lab-winter-wonderland-tree\/\" class=\"more-link\">Read More \u00bb<\/a><\/div><\/li><li class=\"rpwe-li rpwe-clearfix\"><a class=\"rpwe-img\" href=\"https:\/\/sites.psych.ualberta.ca\/IClab\/celebration-of-mia-leedells-roger-s-smith-undergraduate-researcher-award-for-the-project-the-self-determination-and-well-being-of-foreign-language-learners-a-scoping-review\/\" target=\"_self\"><img class=\"rpwe-alignleft rpwe-thumb\" src=\"https:\/\/sites.psych.ualberta.ca\/IClab\/wordpress\/wp-content\/uploads\/2025\/09\/MiaLeedell2025-Roger-Smith-Award-75x75.jpg\" alt=\"Celebration of Mia Leedell&#8217;s Roger S. Smith Undergraduate Researcher Award for the project &#8220;The self-determination and well-being of foreign-language learners: A scoping review&#8221;\" height=\"75\" width=\"75\" loading=\"lazy\" decoding=\"async\"><\/a><h3 class=\"rpwe-title\"><a href=\"https:\/\/sites.psych.ualberta.ca\/IClab\/celebration-of-mia-leedells-roger-s-smith-undergraduate-researcher-award-for-the-project-the-self-determination-and-well-being-of-foreign-language-learners-a-scoping-review\/\" target=\"_self\">Celebration of Mia Leedell&#8217;s Roger S. Smith Undergraduate Researcher Award for the project &#8220;The self-determination and well-being of foreign-language learners: A scoping review&#8221;<\/a><\/h3><time class=\"rpwe-time published\" datetime=\"2025-09-16T12:48:16-06:00\">September 16, 2025<\/time><div class=\"rpwe-summary\">Congratulations to Mia Leedell, an honours student in the ICLab, for receiving the Roger S. Smith Undergraduate Research Award!<a href=\"https:\/\/sites.psych.ualberta.ca\/IClab\/celebration-of-mia-leedells-roger-s-smith-undergraduate-researcher-award-for-the-project-the-self-determination-and-well-being-of-foreign-language-learners-a-scoping-review\/\" class=\"more-link\">Read More \u00bb<\/a><\/div><\/li><li class=\"rpwe-li rpwe-clearfix\"><a class=\"rpwe-img\" href=\"https:\/\/sites.psych.ualberta.ca\/IClab\/bam-2-conference\/\" target=\"_self\"><img class=\"rpwe-alignleft rpwe-thumb\" src=\"https:\/\/sites.psych.ualberta.ca\/IClab\/wordpress\/wp-content\/uploads\/2025\/05\/Image_20250511_143520_946-scaled-e1748620037388-75x75.jpeg\" alt=\"BAM 2 Conference!!\" height=\"75\" width=\"75\" loading=\"lazy\" decoding=\"async\"><\/a><h3 class=\"rpwe-title\"><a href=\"https:\/\/sites.psych.ualberta.ca\/IClab\/bam-2-conference\/\" target=\"_self\">BAM 2 Conference!!<\/a><\/h3><time class=\"rpwe-time published\" datetime=\"2025-05-30T09:55:31-06:00\">May 30, 2025<\/time><div class=\"rpwe-summary\">The IC Lab took a trip to the 2nd Bilingualism and Multillingualism conference in Saskatoon, Saskatchewan! Congrats to all presenters for their [&hellip;]<a href=\"https:\/\/sites.psych.ualberta.ca\/IClab\/bam-2-conference\/\" class=\"more-link\">Read More \u00bb<\/a><\/div><\/li><li class=\"rpwe-li rpwe-clearfix\"><a class=\"rpwe-img\" href=\"https:\/\/sites.psych.ualberta.ca\/IClab\/royce-research-conference\/\" target=\"_self\"><img class=\"rpwe-alignleft rpwe-thumb\" src=\"https:\/\/sites.psych.ualberta.ca\/IClab\/wordpress\/wp-content\/uploads\/2025\/04\/IMG_0282-scaled-75x75.jpg\" alt=\"39th Royce Research Conference!!!\" height=\"75\" width=\"75\" loading=\"lazy\" decoding=\"async\"><\/a><h3 class=\"rpwe-title\"><a href=\"https:\/\/sites.psych.ualberta.ca\/IClab\/royce-research-conference\/\" target=\"_self\">39th Royce Research Conference!!!<\/a><\/h3><time class=\"rpwe-time published\" datetime=\"2025-04-08T10:00:51-06:00\">April 8, 2025<\/time><div class=\"rpwe-summary\">Woohoo! Several of our lab members presented at the 39th Royce Research Conference! Congrats to&#8230; Cleo Mo, Angela Tan, and Shuier Wei! [&hellip;]<a href=\"https:\/\/sites.psych.ualberta.ca\/IClab\/royce-research-conference\/\" class=\"more-link\">Read More \u00bb<\/a><\/div><\/li><li class=\"rpwe-li rpwe-clearfix\"><a class=\"rpwe-img\" href=\"https:\/\/sites.psych.ualberta.ca\/IClab\/upa-research-day\/\" target=\"_self\"><img class=\"rpwe-alignleft rpwe-thumb\" src=\"https:\/\/sites.psych.ualberta.ca\/IClab\/wordpress\/wp-content\/uploads\/2025\/04\/unnamed-5-75x75.jpg\" alt=\"UPA Research Day\" height=\"75\" width=\"75\" loading=\"lazy\" decoding=\"async\"><\/a><h3 class=\"rpwe-title\"><a href=\"https:\/\/sites.psych.ualberta.ca\/IClab\/upa-research-day\/\" target=\"_self\">UPA Research Day<\/a><\/h3><time class=\"rpwe-time published\" datetime=\"2025-03-22T10:15:46-06:00\">March 22, 2025<\/time><div class=\"rpwe-summary\">Congrats to Shahzad Moin for presenting his team&#8217;s resesarch at the UPA lab mixer!<a href=\"https:\/\/sites.psych.ualberta.ca\/IClab\/upa-research-day\/\" class=\"more-link\">Read More \u00bb<\/a><\/div><\/li><li class=\"rpwe-li rpwe-clearfix\"><a class=\"rpwe-img\" href=\"https:\/\/sites.psych.ualberta.ca\/IClab\/felicitations-a-leah-page\/\" rel=\"bookmark\"><img loading=\"lazy\" decoding=\"async\" class=\"rpwe-alignleft rpwe-thumb rpwe-default-thumb\" src=\"http:\/\/placehold.it\/45x45\/f0f0f0\/ccc\" alt=\"F\u00e9licitations \u00e0 Leah Pag\u00e9!\" width=\"75\" height=\"75\"><\/a><h3 class=\"rpwe-title\"><a href=\"https:\/\/sites.psych.ualberta.ca\/IClab\/felicitations-a-leah-page\/\" target=\"_self\">F\u00e9licitations \u00e0 Leah Pag\u00e9!<\/a><\/h3><time class=\"rpwe-time published\" datetime=\"2025-03-12T12:48:54-06:00\">March 12, 2025<\/time><div class=\"rpwe-summary\">F\u00e9licitations \u00e0 Leah Pag\u00e9, un membre de l&#8217;equipe de l&#8217;IC Lab, qui a pr\u00e9sent\u00e9 sa th\u00e8se de ma\u00eetrise \u00e0 l&#8217;ACFAS 2025 au [&hellip;]<a href=\"https:\/\/sites.psych.ualberta.ca\/IClab\/felicitations-a-leah-page\/\" class=\"more-link\">Read More \u00bb<\/a><\/div><\/li><li class=\"rpwe-li rpwe-clearfix\"><a class=\"rpwe-img\" href=\"https:\/\/sites.psych.ualberta.ca\/IClab\/news-article-congrats-xijia\/\" target=\"_self\"><img loading=\"lazy\" decoding=\"async\" width=\"75\" height=\"34\" src=\"https:\/\/sites.psych.ualberta.ca\/IClab\/wordpress\/wp-content\/uploads\/2025\/03\/Screenshot-2025-03-12-132130-150x67.png\" class=\"rpwe-alignleft rpwe-thumb the-post-thumbnail wp-post-image\" alt=\"News Article! Congrats Xijia!!\" \/><\/a><h3 class=\"rpwe-title\"><a href=\"https:\/\/sites.psych.ualberta.ca\/IClab\/news-article-congrats-xijia\/\" target=\"_self\">News Article! Congrats Xijia!!<\/a><\/h3><time class=\"rpwe-time published\" datetime=\"2025-03-11T13:30:52-06:00\">March 11, 2025<\/time><div class=\"rpwe-summary\">We&#8217;re excited to annouce that an article from current IC lab member Xijia Zhang has been published by The Conversation! Her articles [&hellip;]<a href=\"https:\/\/sites.psych.ualberta.ca\/IClab\/news-article-congrats-xijia\/\" class=\"more-link\">Read More \u00bb<\/a><\/div><\/li><\/ul><\/div><!-- Generated by http:\/\/wordpress.org\/plugins\/recent-posts-widget-extended\/ --><\/div><\/div><\/div><\/div><\/div><\/div>","protected":false},"excerpt":{"rendered":"<p>Announcements, News, and EventsICLab at the Royce Conference!March 23, 2026On Friday March 20, the ICLab attended the 40th Royce Conference held by [&hellip;]<\/p>\n","protected":false},"author":3,"featured_media":0,"parent":0,"menu_order":0,"comment_status":"closed","ping_status":"closed","template":"","meta":{"_crdt_document":"","cybocfi_hide_featured_image":"","footnotes":""},"class_list":["post-1068","page","type-page","status-publish","hentry"],"_links":{"self":[{"href":"https:\/\/sites.psych.ualberta.ca\/IClab\/wp-json\/wp\/v2\/pages\/1068","targetHints":{"allow":["GET"]}}],"collection":[{"href":"https:\/\/sites.psych.ualberta.ca\/IClab\/wp-json\/wp\/v2\/pages"}],"about":[{"href":"https:\/\/sites.psych.ualberta.ca\/IClab\/wp-json\/wp\/v2\/types\/page"}],"author":[{"embeddable":true,"href":"https:\/\/sites.psych.ualberta.ca\/IClab\/wp-json\/wp\/v2\/users\/3"}],"replies":[{"embeddable":true,"href":"https:\/\/sites.psych.ualberta.ca\/IClab\/wp-json\/wp\/v2\/comments?post=1068"}],"version-history":[{"count":13,"href":"https:\/\/sites.psych.ualberta.ca\/IClab\/wp-json\/wp\/v2\/pages\/1068\/revisions"}],"predecessor-version":[{"id":1353,"href":"https:\/\/sites.psych.ualberta.ca\/IClab\/wp-json\/wp\/v2\/pages\/1068\/revisions\/1353"}],"wp:attachment":[{"href":"https:\/\/sites.psych.ualberta.ca\/IClab\/wp-json\/wp\/v2\/media?parent=1068"}],"curies":[{"name":"wp","href":"https:\/\/api.w.org\/{rel}","templated":true}]}}